{"id":325,"date":"2025-03-28T14:27:14","date_gmt":"2025-03-28T13:27:14","guid":{"rendered":"https:\/\/www.backtonature.at\/back-2-nature\/"},"modified":"2026-01-27T11:24:29","modified_gmt":"2026-01-27T10:24:29","slug":"back-2-nature","status":"publish","type":"page","link":"https:\/\/www.backtonature.at\/es\/","title":{"rendered":"Back 2 Nature"},"content":{"rendered":"<div id=\"cs-content\" class=\"cs-content\"><div class=\"x-section e325-e1 m91-0\"><div class=\"x-bg\" aria-hidden=\"true\"><div class=\"x-bg-layer-lower-image\"><\/div><div class=\"x-bg-layer-upper-color\"><\/div><\/div><div class=\"x-div x-container max width e325-e2 m91-1\"><span class=\"x-image e325-e3 m91-2\"><img decoding=\"async\" src=\"https:\/\/www.backtonature.at\/wp-content\/uploads\/2025\/04\/IMG_20201107_150641.jpg\" width=\"1250\" height=\"586\" alt=\"Image\" loading=\"lazy\"><\/span><\/div><div class=\"x-row x-container max width e325-e4 m91-3 m91-4 m91-5\"><div class=\"x-row-inner\"><div class=\"x-col e325-e5 m91-9\"><div class=\"x-text x-content e325-e6 m91-b m91-c m91-d m91-e\"><h1>B2N Back 2 Nature<\/h1><\/div><div class=\"x-text x-content e325-e7 m91-d m91-e m91-f m91-g\"><p>Bajo el lema <b>\u201cBack 2 Nature\u201d<\/b>, Jugend Eine Welt re\u00fane sus iniciativas para la <b>protecci\u00f3n del medio ambiente<\/b> y la preservaci\u00f3n de nuestros <b>recursos naturales<\/b>. Pero se trata de mucho m\u00e1s que de conservaci\u00f3n ambiental: desde una <b>educaci\u00f3n ambiental participativa<\/b> y enfoques innovadores en <b>agroecolog\u00eda y desarrollo rural <\/b>hasta la <b>formaci\u00f3n de especialistas<\/b> en campos orientados al futuro como la<b> energ\u00eda alternativa<\/b> y la<b> agricultura sostenible<\/b> \u2013 el programa est\u00e1 comprometido con un cambio real. <\/p>\n<p>La <b>sostenibilidad ecol\u00f3gica y econ\u00f3mica<\/b> van de la mano, cobrando vida a trav\u00e9s del <b>trato justo<\/b> de las personas y los recursos. \u00a1Juntos estamos moldeando un <b>futuro sostenible<\/b>! <\/p><\/div><\/div><\/div><\/div><hr class=\"x-line e325-e8 m91-m\"\/><div class=\"x-row x-container max width e325-e9 m91-3 m91-4 m91-6\"><div class=\"x-row-inner\"><div class=\"x-col e325-e10 m91-9\"><div class=\"x-text x-content e325-e11 m91-d m91-e m91-f\"><h3>Haciendo lo que es posible<\/h3>\n<p>Los socios de proyecto de <b>Jugend Eine Welt<\/b> trabajan en todo el mundo \u2013 a trav\u00e9s de diferentes pa\u00edses, culturas y condiciones de vida. Esta <b>diversidad es una fortale\u00adza<\/b>, que permite que los proyectos B2N se implementen donde pueden tener el <b>mayor impacto<\/b>.<\/p>\n<p>La clave del \u00e9xito radica en la <b>estrecha colaboraci\u00f3n<\/b>. Junto con socios locales, se identifican oportunidades concretas para mejorar de forma sostenible el medio ambiente y la calidad de vida. A trav\u00e9s de <b>creatividad y compromiso<\/b>, se encuentran soluciones eficaces incluso bajo condiciones desafiantes \u2013 porque <b>cada peque\u00f1a acci\u00f3n importa y puede generar un gran cambio<\/b>.  <\/p><\/div><\/div><div class=\"x-col e325-e12 m91-9\"><span class=\"x-image e325-e13 m91-2\"><img decoding=\"async\" src=\"https:\/\/www.backtonature.at\/wp-content\/uploads\/2025\/04\/IMG_7704-1024x768.jpg\" width=\"1024\" height=\"768\" alt=\"Image\" loading=\"lazy\"><\/span><\/div><\/div><\/div><hr class=\"x-line e325-e14 m91-m\"\/><div class=\"x-div x-container max width e325-e15 m91-1\"><div class=\"x-text x-content e325-e16 m91-b m91-c m91-d m91-e\"><h3>Una gu\u00eda para la acci\u00f3n sostenible<b><\/b><\/h3><\/div><div class=\"x-text x-content e325-e17 m91-d m91-e m91-f m91-g\"><p>Las <b>directrices del programa B2N<\/b> describen las \u00e1reas clave en las que los proyectos pueden contribuir activamente a la <b>mejora ambiental<\/b>. El foco no est\u00e1 en cubrir todos los aspectos en cada proyecto, sino en seleccionar<b> medidas espec\u00edfica<\/b>s que prometen el mayor \u00e9xito en el contexto local. <\/p>\n<p>Este <b>enfoque flexible<\/b> asegura que cada proyecto se adapte de forma \u00f3ptima a las <b>condiciones locales<\/b>, generando resultados sostenibles que realmente <b>hacen la diferencia<\/b>.<\/p><\/div><\/div><div class=\"x-row x-container max width e325-e18 m91-3 m91-4 m91-7\"><div class=\"x-row-inner\"><div class=\"x-col e325-e19 m91-9 m91-a\"><div class=\"x-bg\" aria-hidden=\"true\"><div class=\"x-bg-layer-lower-image\"><\/div><\/div><span class=\"x-image e325-e20 m91-2\"><img decoding=\"async\" src=\"https:\/\/www.backtonature.at\/wp-content\/uploads\/2025\/04\/ActualOneOnOne_TeachingByShowing-1024x721.jpg\" width=\"1024\" height=\"721\" alt=\"Image\" loading=\"lazy\"><\/span><\/div><div class=\"x-col e325-e21 m91-9\"><div class=\"x-text x-content e325-e22 m91-d m91-f m91-h m91-i\"><h4>Cat\u00e1logo:<\/h4>\n<ul>\n \t<li>\u00bfC\u00f3mo podemos contribuir a la reducci\u00f3n de emisiones relevantes para el clima?<\/li>\n \t<li>\u00bfUtilizamos el agua de forma eficiente?<\/li>\n \t<li>\u00bfC\u00f3mo contribuimos a mantener limpios los cuerpos de agua?<\/li>\n \t<li>\u00bfQu\u00e9 sucede con los residuos?\n<ul>\n \t<li>\u00bfPodemos evitarlos?<\/li>\n \t<li>\u00bfC\u00f3mo protegemos el suelo?<\/li>\n<\/ul>\n<\/li>\n \t<li>\u00bfC\u00f3mo protegemos el suelo?\n<ul>\n \t<li>frente a la erosi\u00f3n<\/li>\n \t<li>frente a la compactaci\u00f3n<\/li>\n \t<li>frente al sellado<\/li>\n \t<li>frente a la contaminaci\u00f3n<\/li>\n<\/ul>\n<\/li>\n \t<li>\u00bfC\u00f3mo mejoramos la fertilidad del suelo?<\/li>\n \t<li>\u00bfQu\u00e9 aportamos a la biodiversidad?<\/li>\n \t<li>\u00bfC\u00f3mo mejoramos el bienestar animal?<\/li>\n \t<li>\u00bfEvitamos productos t\u00f3xicos o peligrosos?<\/li>\n \t<li>\u00bfReemplazamos dichos productos por alternativas menos peligrosas?<\/li>\n \t<li>\u00bfQu\u00e9 otras contribuciones podemos hacer para la mejora ambiental?<\/li>\n \t<li>\u00bfC\u00f3mo contribuimos a la sensibilizaci\u00f3n en protecci\u00f3n ambiental?<\/li>\n \t<li>\u00bfC\u00f3mo compartimos nuestras experiencias? \u00bfC\u00f3mo animamos a otros a probar algo similar? <\/li>\n<\/ul><\/div><\/div><\/div><\/div><hr class=\"x-line e325-e23 m91-m\"\/><div class=\"x-div x-container max width e325-e24 m91-1\"><div class=\"x-text x-content e325-e25 m91-b m91-c m91-d m91-e\"><h3>Aspectos sociales y econ\u00f3micos<\/h3><\/div><div class=\"x-text x-content e325-e26 m91-d m91-e m91-f m91-g m91-j\"><p><b>Jugend Eine Welt <\/b>y sus socios se comprometen a mejorar de forma sostenible las condiciones de vida de las personas con las que trabajan.<\/p>\n<p>Los <b>factores sociales y econ\u00f3micos<\/b> desempe\u00f1an un papel crucial en la planificaci\u00f3n e implementaci\u00f3n de los proyectos B2N. Preguntas clave que nos hacemos: <\/p>\n<ul>\n<li>\u00bfC\u00f3mo contribuye el proyecto a aumentar los <b>ingresos locales de forma sostenible<\/b>?<\/li>\n<li>\u00bfQu\u00e9 <b>oportunidades de mercad<\/b>o podemos aprovechar estrat\u00e9gica y eficazmente?<\/li>\n<li>\u00bfC\u00f3mo podemos asegurar la <b>independencia a largo plazo<\/b> del apoyo externo?<\/li>\n<li>\u00bfLa iniciativa est\u00e1 <b>adaptada de forma realista<\/b> a las condiciones locales?<\/li>\n<li>\u00bfQu\u00e9 <b>conocimientos y habilidades<\/b> necesitan las personas locales para establecer medios de vida sostenibles?<\/li>\n<li>\u00bfEstamos <b>alcanzando eficazmente nuestro grupo objetivo<\/b>? \u00bfC\u00f3mo podemos mejorar la participaci\u00f3n? <\/li>\n<\/ul><\/div><\/div><div class=\"x-row x-container max width e325-e27 m91-3 m91-4 m91-8\"><div class=\"x-row-inner\"><div class=\"x-col e325-e28 m91-9 m91-a\"><div class=\"x-bg\" aria-hidden=\"true\"><div class=\"x-bg-layer-lower-image\"><\/div><\/div><div class=\"x-text x-content e325-e29 m91-b m91-d m91-e m91-k\"><h3>Enfoque especial en el empoderamiento de las mujeres:<\/h3><\/div><div class=\"x-text x-content e325-e30 m91-d m91-h m91-k m91-l\"><p>\u00bfQu\u00e9 <b>oportunidades de formaci\u00f3n <\/b>existen para las mujeres?<\/p>\n\n<ul>\n \t<li>\u00bfEst\u00e1 la duraci\u00f3n del curso adaptada a sus necesidades?<\/li>\n \t<li>\u00bfSe ofrece cuidado infantil para facilitar su participaci\u00f3n?<\/li>\n<\/ul><\/div><div class=\"x-text x-content e325-e31 m91-d m91-e m91-f\"><p>Con este <b>enfoque espec\u00edfico<\/b> aseguramos que nuestros proyectos promuevan <b>no solo la sostenibilidad ambiental sino tambi\u00e9n la social y econ\u00f3mica<\/b>.<\/p><\/div><\/div><div class=\"x-col e325-e32 m91-9\"><span class=\"x-image e325-e33 m91-2\"><img decoding=\"async\" src=\"https:\/\/www.backtonature.at\/wp-content\/uploads\/2025\/04\/Laukhi_2025_1-1024x707.jpg\" width=\"1024\" height=\"707\" alt=\"Image\" loading=\"lazy\"><\/span><\/div><\/div><\/div><\/div><\/div>","protected":false},"excerpt":{"rendered":"<p>B2N Back 2 NatureBajo el lema \u201cBack 2 Nature\u201d, Jugend Eine Welt re\u00fane sus iniciativas para la protecci\u00f3n del medio ambiente y la preservaci\u00f3n de nuestros recursos naturales. Pero se trata de mucho m\u00e1s que de conservaci\u00f3n ambiental: desde una educaci\u00f3n ambiental participativa y enfoques innovadores en agroecolog\u00eda y desarrollo rural hasta la formaci\u00f3n de especialistas en campos orientados al&hellip;<\/p>\n","protected":false},"author":3,"featured_media":0,"parent":0,"menu_order":0,"comment_status":"closed","ping_status":"closed","template":"","meta":{"footnotes":""},"class_list":["post-325","page","type-page","status-publish","hentry","no-post-thumbnail"],"_links":{"self":[{"href":"https:\/\/www.backtonature.at\/es\/wp-json\/wp\/v2\/pages\/325","targetHints":{"allow":["GET"]}}],"collection":[{"href":"https:\/\/www.backtonature.at\/es\/wp-json\/wp\/v2\/pages"}],"about":[{"href":"https:\/\/www.backtonature.at\/es\/wp-json\/wp\/v2\/types\/page"}],"author":[{"embeddable":true,"href":"https:\/\/www.backtonature.at\/es\/wp-json\/wp\/v2\/users\/3"}],"replies":[{"embeddable":true,"href":"https:\/\/www.backtonature.at\/es\/wp-json\/wp\/v2\/comments?post=325"}],"version-history":[{"count":7,"href":"https:\/\/www.backtonature.at\/es\/wp-json\/wp\/v2\/pages\/325\/revisions"}],"predecessor-version":[{"id":424,"href":"https:\/\/www.backtonature.at\/es\/wp-json\/wp\/v2\/pages\/325\/revisions\/424"}],"wp:attachment":[{"href":"https:\/\/www.backtonature.at\/es\/wp-json\/wp\/v2\/media?parent=325"}],"curies":[{"name":"wp","href":"https:\/\/api.w.org\/{rel}","templated":true}]}}