{"id":252,"date":"2025-03-31T15:23:10","date_gmt":"2025-03-31T13:23:10","guid":{"rendered":"https:\/\/www.backtonature.at\/e404\/"},"modified":"2025-04-15T09:44:27","modified_gmt":"2025-04-15T07:44:27","slug":"e404","status":"publish","type":"page","link":"https:\/\/www.backtonature.at\/es\/e404\/","title":{"rendered":"e404"},"content":{"rendered":"<div id=\"cs-content\" class=\"cs-content\"><div class=\"x-section e252-e1 m70-0\"><div class=\"x-row x-container max width e252-e2 m70-1 m70-2\"><div class=\"x-row-inner\"><div class=\"x-col e252-e3 m70-3\"><div class=\"x-text x-content e252-e4 m70-4 m70-5\">4<img loading=\"lazy\" decoding=\"async\" width=\"512\" height=\"512\" class=\"alignnone wp-image-20\" src=\"https:\/\/www.backtonature.at\/wp-content\/uploads\/2025\/03\/jew_favicon.png\" alt=\"\" style=\"transform: translateY(10%); width: 0.8em; height: auto;\" srcset=\"https:\/\/www.backtonature.at\/wp-content\/uploads\/2025\/03\/jew_favicon.png 512w, https:\/\/www.backtonature.at\/wp-content\/uploads\/2025\/03\/jew_favicon-300x300.png 300w, https:\/\/www.backtonature.at\/wp-content\/uploads\/2025\/03\/jew_favicon-150x150.png 150w, https:\/\/www.backtonature.at\/wp-content\/uploads\/2025\/03\/jew_favicon-100x100.png 100w\" sizes=\"auto, (max-width: 512px) 100vw, 512px\" \/>4<\/div><div class=\"x-text x-content e252-e5 m70-4 m70-6\"><h1>P\u00e1gina no encontrada<\/h1>\n<p><span>La p\u00e1gina no exist\u00eda o era inaccesible.<\/span><\/p><\/div><\/div><\/div><\/div><\/div><\/div>","protected":false},"excerpt":{"rendered":"<p>44P\u00e1gina no encontrada La p\u00e1gina no exist\u00eda o era inaccesible.<\/p>\n","protected":false},"author":3,"featured_media":0,"parent":0,"menu_order":0,"comment_status":"closed","ping_status":"closed","template":"","meta":{"footnotes":""},"class_list":["post-252","page","type-page","status-publish","hentry","no-post-thumbnail"],"_links":{"self":[{"href":"https:\/\/www.backtonature.at\/es\/wp-json\/wp\/v2\/pages\/252","targetHints":{"allow":["GET"]}}],"collection":[{"href":"https:\/\/www.backtonature.at\/es\/wp-json\/wp\/v2\/pages"}],"about":[{"href":"https:\/\/www.backtonature.at\/es\/wp-json\/wp\/v2\/types\/page"}],"author":[{"embeddable":true,"href":"https:\/\/www.backtonature.at\/es\/wp-json\/wp\/v2\/users\/3"}],"replies":[{"embeddable":true,"href":"https:\/\/www.backtonature.at\/es\/wp-json\/wp\/v2\/comments?post=252"}],"version-history":[{"count":1,"href":"https:\/\/www.backtonature.at\/es\/wp-json\/wp\/v2\/pages\/252\/revisions"}],"predecessor-version":[{"id":253,"href":"https:\/\/www.backtonature.at\/es\/wp-json\/wp\/v2\/pages\/252\/revisions\/253"}],"wp:attachment":[{"href":"https:\/\/www.backtonature.at\/es\/wp-json\/wp\/v2\/media?parent=252"}],"curies":[{"name":"wp","href":"https:\/\/api.w.org\/{rel}","templated":true}]}}